{"id":1700,"date":"2012-03-15T09:36:55","date_gmt":"2012-03-15T08:36:55","guid":{"rendered":"https:\/\/mcottis.com\/?page_id=1700"},"modified":"2012-03-29T14:38:23","modified_gmt":"2012-03-29T13:38:23","slug":"logistyka","status":"publish","type":"page","link":"https:\/\/mcottis.com\/?page_id=1700","title":{"rendered":"<!--:pl-->Logistyka<!--:-->"},"content":{"rendered":"<p><!--:pl-->Logistyka: Od lat zajmujemy si\u0119 z powodzeniem realizacj\u0105 us\u0142ug transportowo-spedycyjnych. Dzi\u0119ki temu nasz klient oszcz\u0119dza sw\u00f3j czas szukania transportu. Profesjonalizm kt\u00f3ry prezentuje nasza firma daje pewno\u015b\u0107 i gwarancje terminowo\u015bci wykonania us\u0142ug . <\/p>\n<div class='gdl-image-frame'><a href='https:\/\/mcottis.com\/wp-content\/uploads\/2012\/03\/image080.jpg' rel='prettyPhoto'  title='' ><img src='https:\/\/mcottis.com\/wp-content\/uploads\/2012\/03\/image080.jpg' width='auto' height='200px' alt='' \/><\/a><\/div>\n<div class='gdl-image-frame'><a href='https:\/\/mcottis.com\/wp-content\/uploads\/2012\/03\/image081.jpg' rel='prettyPhoto'  title='' ><img src='https:\/\/mcottis.com\/wp-content\/uploads\/2012\/03\/image081.jpg' width='auto' height='200px' alt='' \/><\/a><\/div>\n<div class='gdl-image-frame'><a href='https:\/\/mcottis.com\/wp-content\/uploads\/2012\/03\/image082.jpg' rel='prettyPhoto'  title='' ><img src='https:\/\/mcottis.com\/wp-content\/uploads\/2012\/03\/image082.jpg' width='auto' height='200px' alt='' \/><\/a><\/div>\n<div class='gdl-image-frame'><a href='https:\/\/mcottis.com\/wp-content\/uploads\/2012\/03\/image083.jpg' rel='prettyPhoto'  title='' ><img src='https:\/\/mcottis.com\/wp-content\/uploads\/2012\/03\/image083.jpg' width='auto' height='200px' alt='' \/><\/a><\/div>\n<p><!--:--><\/p>\n","protected":false},"excerpt":{"rendered":"<p>Logistyka: Od lat zajmujemy si\u0119 z powodzeniem realizacj\u0105 us\u0142ug transportowo-spedycyjnych. Dzi\u0119ki temu nasz klient oszcz\u0119dza sw\u00f3j czas szukania transportu. Profesjonalizm kt\u00f3ry prezentuje nasza firma daje pewno\u015b\u0107 i gwarancje terminowo\u015bci wykonania us\u0142ug .<\/p>\n","protected":false},"author":1,"featured_media":0,"parent":0,"menu_order":0,"comment_status":"open","ping_status":"open","template":"","meta":{"footnotes":""},"class_list":["post-1700","page","type-page","status-publish","hentry"],"_links":{"self":[{"href":"https:\/\/mcottis.com\/index.php?rest_route=\/wp\/v2\/pages\/1700","targetHints":{"allow":["GET"]}}],"collection":[{"href":"https:\/\/mcottis.com\/index.php?rest_route=\/wp\/v2\/pages"}],"about":[{"href":"https:\/\/mcottis.com\/index.php?rest_route=\/wp\/v2\/types\/page"}],"author":[{"embeddable":true,"href":"https:\/\/mcottis.com\/index.php?rest_route=\/wp\/v2\/users\/1"}],"replies":[{"embeddable":true,"href":"https:\/\/mcottis.com\/index.php?rest_route=%2Fwp%2Fv2%2Fcomments&post=1700"}],"version-history":[{"count":3,"href":"https:\/\/mcottis.com\/index.php?rest_route=\/wp\/v2\/pages\/1700\/revisions"}],"predecessor-version":[{"id":1789,"href":"https:\/\/mcottis.com\/index.php?rest_route=\/wp\/v2\/pages\/1700\/revisions\/1789"}],"wp:attachment":[{"href":"https:\/\/mcottis.com\/index.php?rest_route=%2Fwp%2Fv2%2Fmedia&parent=1700"}],"curies":[{"name":"wp","href":"https:\/\/api.w.org\/{rel}","templated":true}]}}